{"id":30,"date":"2021-06-04T04:37:36","date_gmt":"2021-06-04T04:37:36","guid":{"rendered":"https:\/\/relativizmus.ku.sk\/old\/?page_id=30"},"modified":"2021-06-04T05:21:20","modified_gmt":"2021-06-04T05:21:20","slug":"tim","status":"publish","type":"page","link":"https:\/\/relativizmus.ku.sk\/old\/tim\/","title":{"rendered":"t\u00edm"},"content":{"rendered":"\n<div class=\"wp-block-columns is-layout-flex wp-container-core-columns-is-layout-28f84493 wp-block-columns-is-layout-flex\">\n<div class=\"wp-block-column is-layout-flow wp-block-column-is-layout-flow\">\n<figure class=\"wp-block-image size-large is-resized\"><img loading=\"lazy\" decoding=\"async\" src=\"https:\/\/relativizmus.ku.sk\/old\/wp-content\/uploads\/2021\/06\/zelenak-web-1.jpg\" alt=\"\" class=\"wp-image-43\" width=\"214\" height=\"214\" srcset=\"https:\/\/relativizmus.ku.sk\/old\/wp-content\/uploads\/2021\/06\/zelenak-web-1.jpg 500w, https:\/\/relativizmus.ku.sk\/old\/wp-content\/uploads\/2021\/06\/zelenak-web-1-300x300.jpg 300w, https:\/\/relativizmus.ku.sk\/old\/wp-content\/uploads\/2021\/06\/zelenak-web-1-150x150.jpg 150w\" sizes=\"auto, (max-width: 214px) 100vw, 214px\" \/><figcaption>Eugen Zele\u0148\u00e1k, ved\u00faci projektu<\/figcaption><\/figure>\n<\/div>\n\n\n\n<div class=\"wp-block-column is-layout-flow wp-block-column-is-layout-flow\">\n<figure class=\"wp-block-image size-large is-resized\"><img loading=\"lazy\" decoding=\"async\" src=\"https:\/\/relativizmus.ku.sk\/old\/wp-content\/uploads\/2021\/06\/labuda-web-1.jpg\" alt=\"\" class=\"wp-image-44\" width=\"214\" height=\"214\" srcset=\"https:\/\/relativizmus.ku.sk\/old\/wp-content\/uploads\/2021\/06\/labuda-web-1.jpg 500w, https:\/\/relativizmus.ku.sk\/old\/wp-content\/uploads\/2021\/06\/labuda-web-1-300x300.jpg 300w, https:\/\/relativizmus.ku.sk\/old\/wp-content\/uploads\/2021\/06\/labuda-web-1-150x150.jpg 150w\" sizes=\"auto, (max-width: 214px) 100vw, 214px\" \/><figcaption>Pavol Labuda, z\u00e1stupca ved\u00faceho<\/figcaption><\/figure>\n\n\n\n<p><\/p>\n<\/div>\n<\/div>\n\n\n\n<div class=\"wp-block-columns is-layout-flex wp-container-core-columns-is-layout-28f84493 wp-block-columns-is-layout-flex\">\n<div class=\"wp-block-column is-layout-flow wp-block-column-is-layout-flow\">\n<figure class=\"wp-block-image size-large is-resized\"><img loading=\"lazy\" decoding=\"async\" src=\"https:\/\/relativizmus.ku.sk\/old\/wp-content\/uploads\/2021\/06\/volek-web.jpg\" alt=\"\" class=\"wp-image-45\" width=\"232\" height=\"232\" srcset=\"https:\/\/relativizmus.ku.sk\/old\/wp-content\/uploads\/2021\/06\/volek-web.jpg 500w, https:\/\/relativizmus.ku.sk\/old\/wp-content\/uploads\/2021\/06\/volek-web-300x300.jpg 300w, https:\/\/relativizmus.ku.sk\/old\/wp-content\/uploads\/2021\/06\/volek-web-150x150.jpg 150w\" sizes=\"auto, (max-width: 232px) 100vw, 232px\" \/><figcaption>Peter Volek, rie\u0161ite\u013e<\/figcaption><\/figure>\n<\/div>\n\n\n\n<div class=\"wp-block-column is-layout-flow wp-block-column-is-layout-flow\">\n<figure class=\"wp-block-image size-large is-resized\"><img loading=\"lazy\" decoding=\"async\" src=\"https:\/\/relativizmus.ku.sk\/old\/wp-content\/uploads\/2021\/06\/hrkut-web.jpg\" alt=\"\" class=\"wp-image-46\" width=\"234\" height=\"234\" srcset=\"https:\/\/relativizmus.ku.sk\/old\/wp-content\/uploads\/2021\/06\/hrkut-web.jpg 500w, https:\/\/relativizmus.ku.sk\/old\/wp-content\/uploads\/2021\/06\/hrkut-web-300x300.jpg 300w, https:\/\/relativizmus.ku.sk\/old\/wp-content\/uploads\/2021\/06\/hrkut-web-150x150.jpg 150w\" sizes=\"auto, (max-width: 234px) 100vw, 234px\" \/><figcaption>J\u00e1n Hrk\u00fat, rie\u0161ite\u013e<\/figcaption><\/figure>\n<\/div>\n<\/div>\n\n\n\n<div class=\"wp-block-columns is-layout-flex wp-container-core-columns-is-layout-28f84493 wp-block-columns-is-layout-flex\">\n<div class=\"wp-block-column is-layout-flow wp-block-column-is-layout-flow\">\n<figure class=\"wp-block-image size-large is-resized\"><img loading=\"lazy\" decoding=\"async\" src=\"https:\/\/relativizmus.ku.sk\/old\/wp-content\/uploads\/2021\/06\/martina_neboskova_foto-500x500-1.jpg\" alt=\"\" class=\"wp-image-47\" width=\"240\" height=\"240\" srcset=\"https:\/\/relativizmus.ku.sk\/old\/wp-content\/uploads\/2021\/06\/martina_neboskova_foto-500x500-1.jpg 500w, https:\/\/relativizmus.ku.sk\/old\/wp-content\/uploads\/2021\/06\/martina_neboskova_foto-500x500-1-300x300.jpg 300w, https:\/\/relativizmus.ku.sk\/old\/wp-content\/uploads\/2021\/06\/martina_neboskova_foto-500x500-1-150x150.jpg 150w\" sizes=\"auto, (max-width: 240px) 100vw, 240px\" \/><figcaption>Martina Nebo\u0161kov\u00e1, rie\u0161ite\u013eka<\/figcaption><\/figure>\n<\/div>\n\n\n\n<div class=\"wp-block-column is-layout-flow wp-block-column-is-layout-flow\">\n<figure class=\"wp-block-image size-large is-resized\"><img loading=\"lazy\" decoding=\"async\" src=\"https:\/\/relativizmus.ku.sk\/old\/wp-content\/uploads\/2021\/06\/banas-web-1.jpg\" alt=\"\" class=\"wp-image-48\" width=\"240\" height=\"240\" srcset=\"https:\/\/relativizmus.ku.sk\/old\/wp-content\/uploads\/2021\/06\/banas-web-1.jpg 500w, https:\/\/relativizmus.ku.sk\/old\/wp-content\/uploads\/2021\/06\/banas-web-1-300x300.jpg 300w, https:\/\/relativizmus.ku.sk\/old\/wp-content\/uploads\/2021\/06\/banas-web-1-150x150.jpg 150w\" sizes=\"auto, (max-width: 240px) 100vw, 240px\" \/><figcaption>J\u00e1n Ba\u0148as, rie\u0161ite\u013e<\/figcaption><\/figure>\n<\/div>\n<\/div>\n\n\n\n<div class=\"wp-block-columns is-layout-flex wp-container-core-columns-is-layout-28f84493 wp-block-columns-is-layout-flex\">\n<div class=\"wp-block-column is-layout-flow wp-block-column-is-layout-flow\">\n<figure class=\"wp-block-image size-large is-resized\"><img loading=\"lazy\" decoding=\"async\" src=\"https:\/\/relativizmus.ku.sk\/old\/wp-content\/uploads\/2021\/06\/iveta_filova_foto-500x500-1.jpg\" alt=\"\" class=\"wp-image-49\" width=\"237\" height=\"237\" srcset=\"https:\/\/relativizmus.ku.sk\/old\/wp-content\/uploads\/2021\/06\/iveta_filova_foto-500x500-1.jpg 500w, https:\/\/relativizmus.ku.sk\/old\/wp-content\/uploads\/2021\/06\/iveta_filova_foto-500x500-1-300x300.jpg 300w, https:\/\/relativizmus.ku.sk\/old\/wp-content\/uploads\/2021\/06\/iveta_filova_foto-500x500-1-150x150.jpg 150w\" sizes=\"auto, (max-width: 237px) 100vw, 237px\" \/><figcaption>Iveta Fi\u013eov\u00e1, rie\u0161ite\u013eka<\/figcaption><\/figure>\n<\/div>\n\n\n\n<div class=\"wp-block-column is-layout-flow wp-block-column-is-layout-flow\">\n<figure class=\"wp-block-image size-large is-resized\"><img loading=\"lazy\" decoding=\"async\" src=\"https:\/\/relativizmus.ku.sk\/old\/wp-content\/uploads\/2021\/06\/roman_stanco_foto-500x500-1.jpg\" alt=\"\" class=\"wp-image-50\" width=\"238\" height=\"238\" srcset=\"https:\/\/relativizmus.ku.sk\/old\/wp-content\/uploads\/2021\/06\/roman_stanco_foto-500x500-1.jpg 500w, https:\/\/relativizmus.ku.sk\/old\/wp-content\/uploads\/2021\/06\/roman_stanco_foto-500x500-1-300x300.jpg 300w, https:\/\/relativizmus.ku.sk\/old\/wp-content\/uploads\/2021\/06\/roman_stanco_foto-500x500-1-150x150.jpg 150w\" sizes=\"auto, (max-width: 238px) 100vw, 238px\" \/><figcaption>Roman Stan\u010do, rie\u0161ite\u013e<\/figcaption><\/figure>\n<\/div>\n<\/div>\n","protected":false},"excerpt":{"rendered":"","protected":false},"author":2,"featured_media":0,"parent":0,"menu_order":0,"comment_status":"closed","ping_status":"closed","template":"","meta":{"footnotes":""},"class_list":["post-30","page","type-page","status-publish","hentry"],"_links":{"self":[{"href":"https:\/\/relativizmus.ku.sk\/old\/wp-json\/wp\/v2\/pages\/30","targetHints":{"allow":["GET"]}}],"collection":[{"href":"https:\/\/relativizmus.ku.sk\/old\/wp-json\/wp\/v2\/pages"}],"about":[{"href":"https:\/\/relativizmus.ku.sk\/old\/wp-json\/wp\/v2\/types\/page"}],"author":[{"embeddable":true,"href":"https:\/\/relativizmus.ku.sk\/old\/wp-json\/wp\/v2\/users\/2"}],"replies":[{"embeddable":true,"href":"https:\/\/relativizmus.ku.sk\/old\/wp-json\/wp\/v2\/comments?post=30"}],"version-history":[{"count":4,"href":"https:\/\/relativizmus.ku.sk\/old\/wp-json\/wp\/v2\/pages\/30\/revisions"}],"predecessor-version":[{"id":60,"href":"https:\/\/relativizmus.ku.sk\/old\/wp-json\/wp\/v2\/pages\/30\/revisions\/60"}],"wp:attachment":[{"href":"https:\/\/relativizmus.ku.sk\/old\/wp-json\/wp\/v2\/media?parent=30"}],"curies":[{"name":"wp","href":"https:\/\/api.w.org\/{rel}","templated":true}]}}